{"id":467,"date":"2012-12-19T14:13:49","date_gmt":"2012-12-19T14:13:49","guid":{"rendered":"http:\/\/delta-ups.com.ar\/?page_id=2"},"modified":"2015-09-28T18:36:34","modified_gmt":"2015-09-28T18:36:34","slug":"empresa-spt-srl","status":"publish","type":"page","link":"https:\/\/myrasa.com.ar\/home\/","title":{"rendered":"HOME"},"content":{"rendered":"<h3 style=\"text-align: left;\"><span style=\"color: #006ab3;\"><div class=\"element element-slider element-slider-standard\"><div class=\"element-inner\"><div class=\"element-inner-wrap\"><div class=\"grid-protection\">\t\t<script>\n\t\tjQuery(document).ready(function($) {\n\t\t\t$(window).load(function() {\n\t\t\t\t$('#tb-slider-home .flexslider').flexslider({\n\t\t\t\t\tanimation: \"fade\",\n\t\t\t\t\t\/\/ pauseOnHover: true - Removed because currently causes conflicts with pause\/play functionality\n\t\t\t\t\t\t\t\t\t\tslideshowSpeed: 5000,\n\t\t\t\t\t\t\t\t\t\t\t\t\t\t\t\t\t\t\t\tcontrolsContainer: \".slides-wrapper-home\",\n\t\t\t\t\tstart: function(slider) {\n        \t\t\t\t        \t\t\t\t$('#tb-slider-home .image-link').click(function(){\n        \t\t\t\t\t$('#tb-slider-home .pause').hide();\n        \t\t\t\t\t$('#tb-slider-home .play').show();\n        \t\t\t\t\tslider.pause();\n        \t\t\t\t});\n        \t\t\t}\n\t\t\t\t}).parent().find('.tb-loader').fadeOut();\n\t\t\t});\n\t\t});\n\t\t<\/script>\n\t\t\t\t<div id=\"tb-slider-home\" class=\"slider-wrapper standard-slider-wrapper slider_has_mobile_fallback\">\n\t\t\t<div class=\"slider-inner show-nav_standard show-nav_arrows hide-pause_play\">\t\n\t\t\t\t<div class=\"slides-wrapper slides-wrapper-home\">\n\t\t\t\t\t<div class=\"slides-inner\">\n\t\t\t\t\t\t<div class=\"slider standard-slider flexslider\">\n\t\t\t\t\t\t\t<div class=\"tb-loader\"><\/div>\n\t\t\t\t\t\t\t<ul class=\"slides\">\n\t\t\t\t\t\t\t\t\t\t\t\t\t\t\t\t\t\t\t\t\t\t\t\t\t\t\t\t\t\t\t\t\t\t\t\t\t<li class=\"slide tight media-full image-slide full-image\">\n\t\t\t\t\t\t\t\t\t\t\t<div class=\"slide-body\">\n\t\t\t\t\t\t\t\t\t\t\t\t<div class=\"grid-protection\">\n\t\t\t\t\t\t\t\t\t\t\t\t\t\t\t\t\t\t\t\t\t\t\t\t\t\t\t\t\t\t\t\t\t\t\t\t\t\t\t\t\t\t\t\t\t\t\t\t\t\t\t\t\t\t<div class=\"media image\">\n\t\t\t\t\t\t\t\t\t\t\t\t\t\t\t<div class=\"media-inner\">\n\t\t\t\t\t\t\t\t\t\t\t\t\t\t\t\t\t\t\t\t\t\t\t\t\t\t\t\t\t\t\t\t\t\t\t\t\t\t\t\t\t\t\t\t\t\t\t\t\t\t<img src=\"http:\/\/myrasa.com.ar\/home\/wp-content\/uploads\/2015\/09\/slider-71-960x347.jpg\" \/>\n\t\t\t\t\t\t\t\t\t\t\t\t\t\t\t\t\t\t\t\t\t\t\t\t\t\t\t\t\t\t\t<\/div><!-- .media-inner (end) -->\n\t\t\t\t\t\t\t\t\t\t\t\t\t\t<\/div><!-- .media (end) -->\n\t\t\t\t\t\t\t\t\t\t\t\t\t\t\t\t\t\t\t\t\t\t\t\t\t<\/div><!-- .grid-protection (end) -->\n\t\t\t\t\t\t\t\t\t\t\t<\/div><!-- .slide-body (end) -->\n\t\t\t\t\t\t\t\t\t\t<\/li>\n\t\t\t\t\t\t\t\t\t\t\t\t\t\t\t\t\t\t\t\t\t\t\t\t\t\t\t\t\t<li class=\"slide tight media-full image-slide full-image\">\n\t\t\t\t\t\t\t\t\t\t\t<div class=\"slide-body\">\n\t\t\t\t\t\t\t\t\t\t\t\t<div class=\"grid-protection\">\n\t\t\t\t\t\t\t\t\t\t\t\t\t\t\t\t\t\t\t\t\t\t\t\t\t\t\t\t\t\t\t\t\t\t\t\t\t\t\t\t\t\t\t\t\t\t\t\t\t\t\t\t\t\t<div class=\"media image\">\n\t\t\t\t\t\t\t\t\t\t\t\t\t\t\t<div class=\"media-inner\">\n\t\t\t\t\t\t\t\t\t\t\t\t\t\t\t\t\t\t\t\t\t\t\t\t\t\t\t\t\t\t\t\t\t\t\t\t\t\t\t\t\t\t\t\t\t\t\t\t\t\t<img src=\"http:\/\/myrasa.com.ar\/home\/wp-content\/uploads\/2015\/09\/slider-6-960x347.jpg\" \/>\n\t\t\t\t\t\t\t\t\t\t\t\t\t\t\t\t\t\t\t\t\t\t\t\t\t\t\t\t\t\t\t<\/div><!-- .media-inner (end) -->\n\t\t\t\t\t\t\t\t\t\t\t\t\t\t<\/div><!-- .media (end) -->\n\t\t\t\t\t\t\t\t\t\t\t\t\t\t\t\t\t\t\t\t\t\t\t\t\t<\/div><!-- .grid-protection (end) -->\n\t\t\t\t\t\t\t\t\t\t\t<\/div><!-- .slide-body (end) -->\n\t\t\t\t\t\t\t\t\t\t<\/li>\n\t\t\t\t\t\t\t\t\t\t\t\t\t\t\t\t\t\t\t\t\t\t\t\t\t\t\t\t\t<li class=\"slide tight media-full image-slide full-image\">\n\t\t\t\t\t\t\t\t\t\t\t<div class=\"slide-body\">\n\t\t\t\t\t\t\t\t\t\t\t\t<div class=\"grid-protection\">\n\t\t\t\t\t\t\t\t\t\t\t\t\t\t\t\t\t\t\t\t\t\t\t\t\t\t\t\t\t\t\t\t\t\t\t\t\t\t\t\t\t\t\t\t\t\t\t\t\t\t\t\t\t\t<div class=\"media image\">\n\t\t\t\t\t\t\t\t\t\t\t\t\t\t\t<div class=\"media-inner\">\n\t\t\t\t\t\t\t\t\t\t\t\t\t\t\t\t\t\t\t\t\t\t\t\t\t\t\t\t\t\t\t\t\t\t\t\t\t\t\t\t\t\t\t\t\t\t\t\t\t\t<img src=\"http:\/\/myrasa.com.ar\/home\/wp-content\/uploads\/2015\/09\/slider-8-960x347.jpg\" \/>\n\t\t\t\t\t\t\t\t\t\t\t\t\t\t\t\t\t\t\t\t\t\t\t\t\t\t\t\t\t\t\t<\/div><!-- .media-inner (end) -->\n\t\t\t\t\t\t\t\t\t\t\t\t\t\t<\/div><!-- .media (end) -->\n\t\t\t\t\t\t\t\t\t\t\t\t\t\t\t\t\t\t\t\t\t\t\t\t\t<\/div><!-- .grid-protection (end) -->\n\t\t\t\t\t\t\t\t\t\t\t<\/div><!-- .slide-body (end) -->\n\t\t\t\t\t\t\t\t\t\t<\/li>\n\t\t\t\t\t\t\t\t\t\t\t\t\t\t\t\t\t\t\t\t\t\t\t\t\t\t\t\t\t<li class=\"slide tight media-full image-slide full-image\">\n\t\t\t\t\t\t\t\t\t\t\t<div class=\"slide-body\">\n\t\t\t\t\t\t\t\t\t\t\t\t<div class=\"grid-protection\">\n\t\t\t\t\t\t\t\t\t\t\t\t\t\t\t\t\t\t\t\t\t\t\t\t\t\t\t\t\t\t\t\t\t\t\t\t\t\t\t\t\t\t\t\t\t\t\t\t\t\t\t\t\t\t<div class=\"media image\">\n\t\t\t\t\t\t\t\t\t\t\t\t\t\t\t<div class=\"media-inner\">\n\t\t\t\t\t\t\t\t\t\t\t\t\t\t\t\t\t\t\t\t\t\t\t\t\t\t\t\t\t\t\t\t\t\t\t\t\t\t\t\t\t\t\t\t\t\t\t\t\t\t<img src=\"http:\/\/myrasa.com.ar\/home\/wp-content\/uploads\/2012\/12\/slider-51.jpg\" \/>\n\t\t\t\t\t\t\t\t\t\t\t\t\t\t\t\t\t\t\t\t\t\t\t\t\t\t\t\t\t\t\t<\/div><!-- .media-inner (end) -->\n\t\t\t\t\t\t\t\t\t\t\t\t\t\t<\/div><!-- .media (end) -->\n\t\t\t\t\t\t\t\t\t\t\t\t\t\t\t\t\t\t\t\t\t\t\t\t\t<\/div><!-- .grid-protection (end) -->\n\t\t\t\t\t\t\t\t\t\t\t<\/div><!-- .slide-body (end) -->\n\t\t\t\t\t\t\t\t\t\t<\/li>\n\t\t\t\t\t\t\t\t\t\t\t\t\t\t\t\t\t\t\t\t\t\t\t\t\t\n\t\t\t\t\t\t\t<\/ul>\n\t\t\t\t\t\t<\/div><!-- .slider (end) -->\n\t\t\t\t\t<\/div><!-- .slides-inner (end) -->\t\t\t\t\t\n\t\t\t\t<\/div><!-- .slides-wrapper (end) -->\n\t\t\t<\/div><!-- .slider-inner (end) -->\n\t\t\t<div class=\"design-1\"><\/div>\n\t\t\t<div class=\"design-2\"><\/div>\n\t\t\t<div class=\"design-3\"><\/div>\n\t\t\t<div class=\"design-4\"><\/div>\t\t\t\t\t\n\t\t<\/div><!-- .slider-wrapper (end) -->\n\t\t<div class=\"slider-fallback\"><div class=\"slider-fallback-inner full_list\"><ul class=\"slider-fallback-list\"><li class=\"slider-fallback-slide\"><div class=\"slider-fallback-slide-body\"><img src=\"http:\/\/myrasa.com.ar\/home\/wp-content\/uploads\/2015\/09\/slider-71-960x347.jpg\" \/><\/div><!-- .slider-fallback-slide-body (end) --><\/li><li class=\"slider-fallback-slide\"><div class=\"slider-fallback-slide-body\"><img src=\"http:\/\/myrasa.com.ar\/home\/wp-content\/uploads\/2015\/09\/slider-6-960x347.jpg\" \/><\/div><!-- .slider-fallback-slide-body (end) --><\/li><li class=\"slider-fallback-slide\"><div class=\"slider-fallback-slide-body\"><img src=\"http:\/\/myrasa.com.ar\/home\/wp-content\/uploads\/2015\/09\/slider-8-960x347.jpg\" \/><\/div><!-- .slider-fallback-slide-body (end) --><\/li><li class=\"slider-fallback-slide\"><div class=\"slider-fallback-slide-body\"><img src=\"http:\/\/myrasa.com.ar\/home\/wp-content\/uploads\/2012\/12\/slider-51.jpg\" \/><\/div><!-- .slider-fallback-slide-body (end) --><\/li><\/ul><\/div><!-- .slider-fallback-inner (end) --><\/div><!-- .slider-fallback(end) --><\/div><!-- .grid-protection (end) --><\/div><!-- .element-inner-wrap (end) --><\/div><!-- .element-inner (end) --><\/div><!-- .element (end) --><strong><br \/>\nMAR Y R\u00cdOS ARGENTINOS S.A. (MYRASA)<\/strong><\/span><\/h3>\n<h5 style=\"text-align: left;\">Es una agencia mar\u00edtima que opera desde 1992 con oficinas en los siguientes puertos:<br \/>\nBuenos Aires (CABA), Dock Sud y La Plata (provincia de Buenos Aires), San Lorenzo (provincia de Santa Fe),\u00a0Barranqueras (provincia de El Chaco).<\/h5>\n<p style=\"text-align: left;\">MYRASA tiene m\u00e1s de 21 a\u00f1os en el rubro y con personal calificado. En la actualidad, MYRASA est\u00e1 nominada para 32 unidades entre buques, remolques de empuje y barcazas. Todos los barcos est\u00e1n asistidos por MYRASA y est\u00e1n clasificados por el Bureau Veritas y Lloyd Register, y nuestra agencia trabaja con importantes\u00a0empresas\u00a0petroleras quienes conf\u00edan a nosotros su log\u00edstica, los intereses y operaciones de sus barcos en los puertos, zonas de alijo, etc. Nuestra premisa es proporcionar a nuestros clientes un servicio de alto nivel, que tambi\u00e9n se centra en la protecci\u00f3n del medio\u00a0ambiente\u00a0y asumir la responsabilidad de su conservaci\u00f3n. Usted tendr\u00e1 un contacto directo con nosotros (no hay sub-agentes), ya que tenemos nuestras propias oficinas en los puertos\u00a0<span style=\"line-height: 1.5;\">mencionados\u00a0<\/span><span style=\"line-height: 1.5;\">anteriormente, con nuestros servicios, asistencia y orientaci\u00f3n 24\/7, los 365 d\u00edas del a\u00f1o.<\/span><\/p>\n<p style=\"text-align: left;\">Ese es nuestro compromiso y responsabilidad.<\/p>\n","protected":false},"excerpt":{"rendered":"<p>MAR Y R\u00cdOS ARGENTINOS S.A. (MYRASA) Es una agencia mar\u00edtima que opera desde 1992 con oficinas en los siguientes puertos: Buenos Aires (CABA), Dock Sud y La Plata (provincia de Buenos Aires), San Lorenzo (provincia de Santa Fe),\u00a0Barranqueras (provincia de El Chaco). MYRASA tiene m\u00e1s de 21 a\u00f1os en el rubro y con personal calificado. [&hellip;]<\/p>\n","protected":false},"author":1,"featured_media":0,"parent":0,"menu_order":0,"comment_status":"closed","ping_status":"closed","template":"","meta":[],"_links":{"self":[{"href":"https:\/\/myrasa.com.ar\/home\/wp-json\/wp\/v2\/pages\/467"}],"collection":[{"href":"https:\/\/myrasa.com.ar\/home\/wp-json\/wp\/v2\/pages"}],"about":[{"href":"https:\/\/myrasa.com.ar\/home\/wp-json\/wp\/v2\/types\/page"}],"author":[{"embeddable":true,"href":"https:\/\/myrasa.com.ar\/home\/wp-json\/wp\/v2\/users\/1"}],"replies":[{"embeddable":true,"href":"https:\/\/myrasa.com.ar\/home\/wp-json\/wp\/v2\/comments?post=467"}],"version-history":[{"count":49,"href":"https:\/\/myrasa.com.ar\/home\/wp-json\/wp\/v2\/pages\/467\/revisions"}],"predecessor-version":[{"id":789,"href":"https:\/\/myrasa.com.ar\/home\/wp-json\/wp\/v2\/pages\/467\/revisions\/789"}],"wp:attachment":[{"href":"https:\/\/myrasa.com.ar\/home\/wp-json\/wp\/v2\/media?parent=467"}],"curies":[{"name":"wp","href":"https:\/\/api.w.org\/{rel}","templated":true}]}}